{"id":11,"date":"2018-03-14T09:58:16","date_gmt":"2018-03-14T09:58:16","guid":{"rendered":"http:\/\/www.coskunozhukuk.com\/?page_id=11"},"modified":"2021-03-18T20:09:19","modified_gmt":"2021-03-18T17:09:19","slug":"contact","status":"publish","type":"page","link":"https:\/\/www.coskunozhukuk.com\/?page_id=11","title":{"rendered":"\u0130leti\u015fim"},"content":{"rendered":"<p>[vc_row section_type=&#8221;fullwidth&#8221; bg_type=&#8221;color&#8221; padding_top_multiplier=&#8221;&#8221; padding_bottom_multiplier=&#8221;&#8221; columns_gap=&#8221;none&#8221; bg_color=&#8221;#f7f7f7&#8243;][vc_column]<div class=\"grve-element grve-split-content grve-large-size grve-media-right\" style=\" min-height:500px\">  <div class=\"grve-split-wrapper grve-media-wrapper grve-headings-white grve-text-white\">    <div class=\"grve-wrapper-inner\">      <h1 class=\"grve-title grve-align-center grve-heading-color grve-h1 grve-custom-font-1 grve-increase-heading grve-heading-250 grve-split-title grve-split-size-large\"><span>\u0130LET\u0130\u015e\u0130M<\/span><\/h1>    <\/div><div class=\"grve-background-wrapper\">  <div class=\"grve-bg-image grve-bg-image-id-148 grve-bg-center-center\"   style=\"background-image: url(https:\/\/www.coskunozhukuk.com\/wp-content\/uploads\/2018\/03\/movedo-lawyer-feature-04.jpg);\"><\/div>  <div class=\"grve-bg-overlay grve-bg-primary-2 grve-opacity-80\"><\/div><\/div>  <\/div>  <div class=\"grve-split-wrapper grve-content-wrapper\">    <div class=\"grve-wrapper-inner\">      <div class=\"grve-title grve-align-center grve-heading-color grve-h1 grve-custom-font-1 grve-increase-heading grve-heading-250 grve-split-title grve-split-size-large\"><span>\u0130LET\u0130\u015e\u0130M<\/span><\/div>    <\/div>  <\/div><\/div>[\/vc_column][\/vc_row][vc_row padding_top_multiplier=&#8221;&#8221; padding_bottom_multiplier=&#8221;&#8221; columns_gap=&#8221;none&#8221; equal_column_height=&#8221;middle-content&#8221;][vc_column width=&#8221;1\/2&#8243; tablet_sm_width=&#8221;1&#8243; heading_color=&#8221;light&#8221; clipping_animation=&#8221;colored-clipping-right&#8221; clipping_animation_colors=&#8221;primary-2&#8243; animation_delay=&#8221;600&#8243; css=&#8221;.vc_custom_1521102862592{padding-top: 25% !important;padding-right: 25% !important;padding-bottom: 25% !important;padding-left: 25% !important;background-color: #cf9450 !important;}&#8221; font_color=&#8221;#ffffff&#8221;]<h3 class=\"grve-element grve-title grve-align-center grve-h3\" style=\"\"><span>Adres<\/span><\/h3>[vc_column_text]<\/p>\n<h6 style=\"text-align: center;\">Bilgili Sokak No:11\/6<br \/>\n\u0130zmit,KOCAEL\u0130<\/h6>\n<p>[\/vc_column_text]<div class=\"grve-empty-space grve-height-1x\" style=\"\"><\/div>[vc_column_text]<\/p>\n<h6 style=\"text-align: center;\">+90 531 305 47 49<br \/>\ninfo@coskunozhukuk.com<\/h6>\n<p>[\/vc_column_text][\/vc_column][vc_column width=&#8221;1\/2&#8243; tablet_sm_width=&#8221;1&#8243; heading_color=&#8221;light&#8221; clipping_animation=&#8221;colored-clipping-left&#8221; clipping_animation_colors=&#8221;primary-1&#8243; animation_delay=&#8221;600&#8243; css=&#8221;.vc_custom_1521102867757{padding-top: 25% !important;padding-right: 25% !important;padding-bottom: 25% !important;padding-left: 25% !important;background-color: #121722 !important;}&#8221; font_color=&#8221;#ffffff&#8221;]<div class=\"grve-element grve-image grve-align-center\" style=\"margin-bottom: 30px;\">  <div class=\"grve-image-wrapper\"><a href=\"#map\" class=\"grve-modal-popup\"><img loading=\"lazy\" decoding=\"async\" width=\"1000\" height=\"222\" src=\"https:\/\/www.coskunozhukuk.com\/wp-content\/uploads\/2021\/03\/logo9.jpg\" class=\"attachment-full size-full\" alt=\"\" srcset=\"https:\/\/www.coskunozhukuk.com\/wp-content\/uploads\/2021\/03\/logo9.jpg 1000w, https:\/\/www.coskunozhukuk.com\/wp-content\/uploads\/2021\/03\/logo9-300x67.jpg 300w, https:\/\/www.coskunozhukuk.com\/wp-content\/uploads\/2021\/03\/logo9-768x170.jpg 768w\" sizes=\"auto, (max-width: 1000px) 100vw, 1000px\" \/><\/a>   <\/div><\/div><h3 class=\"grve-element grve-title grve-align-center grve-h6\" style=\"margin-bottom: 6px;\"><span>Ofisimize buradan ula\u015fabilirsiniz.<\/span><\/h3>[\/vc_column][\/vc_row][vc_row][vc_column]<div class=\"grve-element grve-align-left\"><style type=\"text\/css\">.grve-btn-gradient.grve-btn-69ef61be61541:before {background: #cf9450;background: -moz-linear-gradient(left, #cf9450 0%, #121722 100%);background: -webkit-linear-gradient(left, #cf9450 0%, #121722 100%);background: linear-gradient(to right, #cf9450 0%, #121722 100%);}<\/style><a href=\"http:\/\/www.coskunozhukuk.com\/?page_id=341\" target=\"_blank\" rel=\"noopener noreferrer\" class=\"grve-btn grve-btn-extralarge grve-shadow-small grve-btn-gradient grve-btn-69ef61be61541 grve-square grve-bg-primary-2 grve-bg-hover-primary-2 grve-fullwidth-btn grve-fluid-btn-tall\"><span><i class=\"et-icon-calendar\"><\/i>Randevu Al<\/span><\/a><\/div>[\/vc_column][\/vc_row][vc_row heading_color=&#8221;light&#8221; padding_top_multiplier=&#8221;&#8221; padding_bottom_multiplier=&#8221;&#8221;][vc_column heading_color=&#8221;light&#8221;]\t\t\t<div class=\"grve-modal-element mfp-hide\" id=\"map\">\r\n\t\t\t\t<div class=\"grve-section\">\r\n\t\t\t\t\t<div class=\"grve-container\">\r\n\t\t\t\t\t\t<div class=\"grve-row grve-columns-gap-30\">\r\n\t\t\t\t\t\t\t<div class=\"grve-column grve-column-1\">\r\n\t\t\t\t\t\t\t<h3 class=\"grve-element grve-title grve-align-center grve-h3\" style=\"\"><span><span style=\"color: #ffffff;\">We are excited that you want<\/span><br \/>\n<span style=\"color: #ffffff;\">to work with us.<\/span><\/span><\/h3><div class=\"grve-empty-space grve-height-2x\" style=\"\"><\/div><div class=\"grve-map-wrapper\"><div class=\"grve-element grve-map\" data-lat=\"51.516221\" data-lng=\"-0.136986\" data-zoom=\"14\" data-disable-style=\"no\" style=\"height: 550px;\"><\/div>  <div style=\"display:none\" class=\"grve-map-point\" data-point-marker=\"\/\/www.coskunozhukuk.com\/wp-content\/themes\/movedo\/images\/markers\/transparent.png\" data-point-lat=\"51.516221\" data-point-lng=\"-0.136986\" data-point-title=\"\" data-point-type=\"pulse-dot\" data-point-marker-width=\"\" data-point-marker-height=\"\" data-point-bg-color=\"white\"><\/div><\/div>\t\t\t\t\t\t\t<\/div>\r\n\t\t\t\t\t\t<\/div>\r\n\t\t\t\t\t<\/div>\r\n\t\t\t\t<\/div>\r\n\t\t\t<\/div>\r\n\t\t[\/vc_column][\/vc_row][vc_row padding_top_multiplier=&#8221;6x&#8221; padding_bottom_multiplier=&#8221;6x&#8221;][vc_column width=&#8221;1\/4&#8243;][\/vc_column][vc_column width=&#8221;1\/2&#8243;]<h3 class=\"grve-element grve-title grve-align-center grve-h3\" style=\"\"><span>Bize Ula\u015f\u0131n<\/span><\/h3><div class=\"grve-empty-space grve-height-3x\" style=\"\"><\/div><div role=\"form\" class=\"wpcf7\" id=\"wpcf7-f163-o1\" lang=\"en-US\" dir=\"ltr\">\n<div class=\"screen-reader-response\"><p role=\"status\" aria-live=\"polite\" aria-atomic=\"true\"><\/p> <ul><\/ul><\/div>\n<form action=\"\/index.php?rest_route=%2Fwp%2Fv2%2Fpages%2F11#wpcf7-f163-o1\" method=\"post\" class=\"wpcf7-form init\" novalidate=\"novalidate\" data-status=\"init\">\n<div style=\"display: none;\">\n<input type=\"hidden\" name=\"_wpcf7\" value=\"163\" \/>\n<input type=\"hidden\" name=\"_wpcf7_version\" value=\"5.4\" \/>\n<input type=\"hidden\" name=\"_wpcf7_locale\" value=\"en_US\" \/>\n<input type=\"hidden\" name=\"_wpcf7_unit_tag\" value=\"wpcf7-f163-o1\" \/>\n<input type=\"hidden\" name=\"_wpcf7_container_post\" value=\"0\" \/>\n<input type=\"hidden\" name=\"_wpcf7_posted_data_hash\" value=\"\" \/>\n<\/div>\n<div class=\"grve-form\">\n<div class=\"grve-fields-wrapper\">\n<div class=\"grve-with-icon\"><i class=\"fa fa-user\"><\/i><span class=\"wpcf7-form-control-wrap your-name\"><input type=\"text\" name=\"your-name\" value=\"\" size=\"40\" class=\"wpcf7-form-control wpcf7-text\" aria-invalid=\"false\" placeholder=\"\u0130sim Soyisim\" \/><\/span><\/div>\n<div class=\"grve-with-icon\"><i class=\"fa fa-envelope\"><\/i><span class=\"wpcf7-form-control-wrap your-email\"><input type=\"email\" name=\"your-email\" value=\"\" size=\"40\" class=\"wpcf7-form-control wpcf7-text wpcf7-email wpcf7-validates-as-required wpcf7-validates-as-email\" aria-required=\"true\" aria-invalid=\"false\" placeholder=\"Mail Adresi(Zorunlu)\" \/><\/span><\/div>\n<div class=\"grve-with-icon\"><i class=\"fa fa-pencil\"><\/i><span class=\"wpcf7-form-control-wrap your-subject\"><input type=\"text\" name=\"your-subject\" value=\"\" size=\"40\" class=\"wpcf7-form-control wpcf7-text\" aria-invalid=\"false\" placeholder=\"Konu\" \/><\/span><\/div>\n<div><span class=\"wpcf7-form-control-wrap your-message\"><textarea name=\"your-message\" cols=\"40\" rows=\"10\" class=\"wpcf7-form-control wpcf7-textarea\" aria-invalid=\"false\"><\/textarea><\/span><\/div>\n<div class=\"grve-align-center\"><input type=\"submit\" value=\"G\u00f6nder\" class=\"wpcf7-form-control wpcf7-submit\" \/><\/div>\n<\/div>\n<\/div>\n<div class=\"wpcf7-response-output\" aria-hidden=\"true\"><\/div><\/form><\/div>[\/vc_column][vc_column width=&#8221;1\/4&#8243;][\/vc_column][\/vc_row]<\/p>\n","protected":false},"excerpt":{"rendered":"<p>[vc_row section_type=&#8221;fullwidth&#8221; bg_type=&#8221;color&#8221; padding_top_multiplier=&#8221;&#8221; padding_bottom_multiplier=&#8221;&#8221; columns_gap=&#8221;none&#8221; bg_color=&#8221;#f7f7f7&#8243;][vc_column][\/vc_column][\/vc_row][vc_row padding_top_multiplier=&#8221;&#8221; padding_bottom_multiplier=&#8221;&#8221; columns_gap=&#8221;none&#8221; equal_column_height=&#8221;middle-content&#8221;][vc_column width=&#8221;1\/2&#8243; tablet_sm_width=&#8221;1&#8243; heading_color=&#8221;light&#8221; clipping_animation=&#8221;colored-clipping-right&#8221; clipping_animation_colors=&#8221;primary-2&#8243; animation_delay=&#8221;600&#8243; css=&#8221;.vc_custom_1521102862592{padding-top: 25% !important;padding-right: 25% !important;padding-bottom: 25% !important;padding-left: 25% !important;background-color: #cf9450 !important;}&#8221; font_color=&#8221;#ffffff&#8221;][vc_column_text] Bilgili Sokak No:11\/6 \u0130zmit,KOCAEL\u0130 [\/vc_column_text][vc_column_text] +90 531 305 47 49 info@coskunozhukuk.com [\/vc_column_text][\/vc_column][vc_column width=&#8221;1\/2&#8243; tablet_sm_width=&#8221;1&#8243; heading_color=&#8221;light&#8221; clipping_animation=&#8221;colored-clipping-left&#8221; clipping_animation_colors=&#8221;primary-1&#8243; animation_delay=&#8221;600&#8243; css=&#8221;.vc_custom_1521102867757{padding-top: 25% !important;padding-right: 25% !important;padding-bottom: 25% !important;padding-left: 25% [&hellip;]<\/p>\n","protected":false},"author":1,"featured_media":0,"parent":0,"menu_order":0,"comment_status":"closed","ping_status":"closed","template":"","meta":{"footnotes":""},"class_list":["post-11","page","type-page","status-publish","hentry"],"_links":{"self":[{"href":"https:\/\/www.coskunozhukuk.com\/index.php?rest_route=\/wp\/v2\/pages\/11","targetHints":{"allow":["GET"]}}],"collection":[{"href":"https:\/\/www.coskunozhukuk.com\/index.php?rest_route=\/wp\/v2\/pages"}],"about":[{"href":"https:\/\/www.coskunozhukuk.com\/index.php?rest_route=\/wp\/v2\/types\/page"}],"author":[{"embeddable":true,"href":"https:\/\/www.coskunozhukuk.com\/index.php?rest_route=\/wp\/v2\/users\/1"}],"replies":[{"embeddable":true,"href":"https:\/\/www.coskunozhukuk.com\/index.php?rest_route=%2Fwp%2Fv2%2Fcomments&post=11"}],"version-history":[{"count":11,"href":"https:\/\/www.coskunozhukuk.com\/index.php?rest_route=\/wp\/v2\/pages\/11\/revisions"}],"predecessor-version":[{"id":439,"href":"https:\/\/www.coskunozhukuk.com\/index.php?rest_route=\/wp\/v2\/pages\/11\/revisions\/439"}],"wp:attachment":[{"href":"https:\/\/www.coskunozhukuk.com\/index.php?rest_route=%2Fwp%2Fv2%2Fmedia&parent=11"}],"curies":[{"name":"wp","href":"https:\/\/api.w.org\/{rel}","templated":true}]}}