{"id":7,"date":"2018-03-14T09:57:56","date_gmt":"2018-03-14T09:57:56","guid":{"rendered":"http:\/\/www.coskunozhukuk.com\/?page_id=7"},"modified":"2021-03-18T20:33:49","modified_gmt":"2021-03-18T17:33:49","slug":"uzmanlikalanlarimiz","status":"publish","type":"page","link":"https:\/\/www.coskunozhukuk.com\/?page_id=7","title":{"rendered":"Uzmanl\u0131k Alanlar\u0131m\u0131z"},"content":{"rendered":"<p>[vc_row section_type=&#8221;fullwidth&#8221; bg_type=&#8221;color&#8221; padding_top_multiplier=&#8221;&#8221; padding_bottom_multiplier=&#8221;&#8221; columns_gap=&#8221;none&#8221; bg_color=&#8221;#f7f7f7&#8243;][vc_column]<div class=\"grve-element grve-split-content grve-large-size grve-media-left\" style=\" min-height:500px\">  <div class=\"grve-split-wrapper grve-media-wrapper grve-headings-white grve-text-white\">    <div class=\"grve-wrapper-inner\">      <h1 class=\"grve-title grve-align-center grve-heading-color grve-h1 grve-custom-font-1 grve-mobile-reset-increase-heading grve-increase-heading grve-heading-250 grve-split-title grve-split-size-large\"><span>Uzmanl\u0131k Alanlar\u0131m\u0131z<\/span><\/h1>    <\/div><div class=\"grve-background-wrapper\">  <div class=\"grve-bg-image grve-bg-image-id-112 grve-bg-center-center\"   style=\"background-image: url(https:\/\/www.coskunozhukuk.com\/wp-content\/uploads\/2018\/03\/movedo-lawyer-feature-03.jpg);\"><\/div>  <div class=\"grve-bg-overlay grve-bg-primary-2 grve-opacity-80\"><\/div><\/div>  <\/div>  <div class=\"grve-split-wrapper grve-content-wrapper\">    <div class=\"grve-wrapper-inner\">      <div class=\"grve-title grve-align-center grve-heading-color grve-h1 grve-custom-font-1 grve-mobile-reset-increase-heading grve-increase-heading grve-heading-250 grve-split-title grve-split-size-large\"><span>Uzmanl\u0131k Alanlar\u0131m\u0131z<\/span><\/div>    <\/div>  <\/div><\/div>[\/vc_column][\/vc_row][vc_row heading_color=&#8221;light&#8221; section_type=&#8221;fullwidth&#8221; padding_top_multiplier=&#8221;2x&#8221; padding_bottom_multiplier=&#8221;2x&#8221; columns_gap=&#8221;60&#8243; equal_column_height=&#8221;equal-column&#8221; font_color=&#8221;#ffffff&#8221;][vc_column width=&#8221;1\/5&#8243; clipping_animation=&#8221;clipping-up&#8221; animation_delay=&#8221;600&#8243; css=&#8221;.vc_custom_1521102296991{padding-top: 13% !important;padding-right: 13% !important;padding-bottom: 13% !important;padding-left: 13% !important;background-color: #121722 !important;}&#8221;]<div class=\"grve-element grve-single-icon grve-align-center grve-medium\" style=\"margin-bottom: 18px;\">  <div class=\"grve-wrapper-icon grve-no-shape\" style=\"\"><i class=\"smp-icon-shield grve-text-primary-1\"><\/i><\/div><\/div><h3 class=\"grve-element grve-title grve-align-center grve-h5\" style=\"\"><span>\u0130\u015f Hukuku<\/span><\/h3>[vc_column_text]<\/p>\n<p style=\"text-align: left;\">\u0130\u015f Kanunu kapsam\u0131nda i\u015f\u00e7i ve i\u015fverenin haklar\u0131n\u0131 korumak amac\u0131yla verdi\u011fimiz hukuki hizmetler;<\/p>\n<p>[\/vc_column_text]<div class=\"grve-empty-space grve-height-1x\" style=\"\"><\/div><div class=\"grve-element grve-align-center grve-fluid-button\"><a href=\"http:\/\/www.coskunozhukuk.com\/?p=1\" title=\"\u0130\u015f Hukuku\" class=\"grve-btn grve-btn-small grve-square grve-bg-primary-1 grve-bg-hover-white\" style=\"max-width: 220px;\"><span>daha fazlas\u0131 i\u00e7in...<\/span><\/a><\/div>[\/vc_column][vc_column width=&#8221;1\/5&#8243; clipping_animation=&#8221;clipping-up&#8221; animation_delay=&#8221;800&#8243; css=&#8221;.vc_custom_1521102301974{padding-top: 13% !important;padding-right: 13% !important;padding-bottom: 13% !important;padding-left: 13% !important;background-color: #121722 !important;}&#8221;]<div class=\"grve-element grve-single-icon grve-align-center grve-medium\" style=\"margin-bottom: 18px;\">  <div class=\"grve-wrapper-icon grve-no-shape\" style=\"\"><i class=\"smp-icon-shield grve-text-primary-1\"><\/i><\/div><\/div><h3 class=\"grve-element grve-title grve-align-center grve-h5\" style=\"\"><span>Ticaret Hukuku<\/span><\/h3>[vc_column_text]\u00d6zellikle \u015eirketler Hukuku ve K\u0131ymetli Evrak Hukuku alanlar\u0131nda verdi\u011fimiz hizmetler;[\/vc_column_text]<div class=\"grve-empty-space grve-height-1x\" style=\"\"><\/div><div class=\"grve-element grve-align-center grve-fluid-button\"><a href=\"http:\/\/www.coskunozhukuk.com\/?p=380\" title=\"Ticaret Hukuku\" class=\"grve-btn grve-btn-small grve-square grve-bg-primary-1 grve-bg-hover-white\" style=\"max-width: 220px;\"><span>DAHA FAZLASI \u0130\u00c7\u0130N...<\/span><\/a><\/div>[\/vc_column][vc_column width=&#8221;1\/5&#8243; clipping_animation=&#8221;clipping-up&#8221; animation_delay=&#8221;1000&#8243; css=&#8221;.vc_custom_1521102308262{padding-top: 13% !important;padding-right: 13% !important;padding-bottom: 13% !important;padding-left: 13% !important;background-color: #121722 !important;}&#8221;]<div class=\"grve-element grve-single-icon grve-align-center grve-medium\" style=\"margin-bottom: 18px;\">  <div class=\"grve-wrapper-icon grve-no-shape\" style=\"\"><i class=\"smp-icon-shield grve-text-primary-1\"><\/i><\/div><\/div><h3 class=\"grve-element grve-title grve-align-center grve-h5\" style=\"\"><span>Aile Hukuku<\/span><\/h3>[vc_column_text]Hak kayb\u0131 ya\u015famadan en k\u0131sa s\u00fcrede davalar\u0131n\u0131 sonu\u00e7land\u0131rmalar\u0131 i\u00e7in verdi\u011fimiz hizmetler;[\/vc_column_text]<div class=\"grve-empty-space grve-height-1x\" style=\"\"><\/div><div class=\"grve-element grve-align-center grve-fluid-button\"><a href=\"http:\/\/www.coskunozhukuk.com\/?p=404\" title=\"Aile Hukuku\" class=\"grve-btn grve-btn-small grve-square grve-bg-primary-1 grve-bg-hover-white\" style=\"max-width: 220px;\"><span>DAHA FAZLASI \u0130\u00c7\u0130N...<\/span><\/a><\/div>[\/vc_column][vc_column width=&#8221;1\/5&#8243; clipping_animation=&#8221;clipping-up&#8221; animation_delay=&#8221;1000&#8243; css=&#8221;.vc_custom_1615753047350{padding-top: 13% !important;padding-right: 13% !important;padding-bottom: 13% !important;padding-left: 13% !important;background-color: #121722 !important;}&#8221;]<div class=\"grve-element grve-single-icon grve-align-center grve-medium\" style=\"margin-bottom: 18px;\">  <div class=\"grve-wrapper-icon grve-no-shape\" style=\"\"><i class=\"smp-icon-shield grve-text-primary-1\"><\/i><\/div><\/div><h3 class=\"grve-element grve-title grve-align-center grve-h5\" style=\"\"><span>Miras Hukuku<\/span><\/h3>[vc_column_text]Miras payla\u015f\u0131m\u0131 ve \u015fartlar\u0131 ba\u015fta olmak \u00fczere Miras Hukuku alan\u0131nda verdi\u011fimiz hizmetler ;[\/vc_column_text]<div class=\"grve-empty-space grve-height-1x\" style=\"\"><\/div><div class=\"grve-element grve-align-center grve-fluid-button\"><a href=\"http:\/\/www.coskunozhukuk.com\/?p=410\" title=\"Miras Hukuku\" class=\"grve-btn grve-btn-small grve-square grve-bg-primary-1 grve-bg-hover-white\" style=\"max-width: 220px;\"><span>DAHA FAZLASI \u0130\u00c7\u0130N...<\/span><\/a><\/div>[\/vc_column][vc_column width=&#8221;1\/5&#8243; clipping_animation=&#8221;clipping-up&#8221; animation_delay=&#8221;1000&#8243; css=&#8221;.vc_custom_1615753064298{padding-top: 13% !important;padding-right: 13% !important;padding-bottom: 13% !important;padding-left: 13% !important;background-color: #121722 !important;}&#8221;]<div class=\"grve-element grve-single-icon grve-align-center grve-medium\" style=\"margin-bottom: 18px;\">  <div class=\"grve-wrapper-icon grve-no-shape\" style=\"\"><i class=\"smp-icon-shield grve-text-primary-1\"><\/i><\/div><\/div><h3 class=\"grve-element grve-title grve-align-center grve-h5\" style=\"\"><span>\u0130cra Hukuku<\/span><\/h3>[vc_column_text]En k\u0131sa s\u00fcrede hak kayb\u0131 ya\u015fanmadan m\u00fcvekkillerimize verdi\u011fimiz hukuki hizmetler;[\/vc_column_text]<div class=\"grve-empty-space grve-height-1x\" style=\"\"><\/div><div class=\"grve-element grve-align-center grve-fluid-button\"><a href=\"http:\/\/www.coskunozhukuk.com\/?p=407\" title=\"\u0130cra ve \u0130flas Hukuku\" class=\"grve-btn grve-btn-small grve-square grve-bg-primary-1 grve-bg-hover-white\" style=\"max-width: 220px;\"><span>DAHA FAZLASI \u0130\u00c7\u0130N...<\/span><\/a><\/div>[\/vc_column][\/vc_row][vc_row heading_color=&#8221;light&#8221; padding_top_multiplier=&#8221;2x&#8221; padding_bottom_multiplier=&#8221;2x&#8221; columns_gap=&#8221;60&#8243; equal_column_height=&#8221;equal-column&#8221; font_color=&#8221;#ffffff&#8221;][vc_column width=&#8221;1\/4&#8243; clipping_animation=&#8221;clipping-up&#8221; animation_delay=&#8221;600&#8243; css=&#8221;.vc_custom_1521102296991{padding-top: 13% !important;padding-right: 13% !important;padding-bottom: 13% !important;padding-left: 13% !important;background-color: #121722 !important;}&#8221;]<div class=\"grve-element grve-single-icon grve-align-center grve-medium\" style=\"margin-bottom: 18px;\">  <div class=\"grve-wrapper-icon grve-no-shape\" style=\"\"><i class=\"smp-icon-shield grve-text-primary-1\"><\/i><\/div><\/div><h3 class=\"grve-element grve-title grve-align-center grve-h5\" style=\"\"><span>T\u00fcketici Hukuku<\/span><\/h3>[vc_column_text]<\/p>\n<p style=\"text-align: left;\">T\u00fcketici Kanunu kapsam\u0131nda t\u00fcketicilerin haklar\u0131n\u0131 korumak amac\u0131yla verdi\u011fimiz hizmetler ;<\/p>\n<p>[\/vc_column_text]<div class=\"grve-empty-space grve-height-1x\" style=\"\"><\/div><div class=\"grve-element grve-align-center grve-fluid-button\"><a href=\"http:\/\/www.coskunozhukuk.com\/?p=413\" title=\"T\u00fcketici Hukuku\" class=\"grve-btn grve-btn-small grve-square grve-bg-primary-1 grve-bg-hover-white\" style=\"max-width: 220px;\"><span>DAHA FAZLASI \u0130\u00c7\u0130N...<\/span><\/a><\/div>[\/vc_column][vc_column width=&#8221;1\/4&#8243; clipping_animation=&#8221;clipping-up&#8221; animation_delay=&#8221;800&#8243; css=&#8221;.vc_custom_1521102301974{padding-top: 13% !important;padding-right: 13% !important;padding-bottom: 13% !important;padding-left: 13% !important;background-color: #121722 !important;}&#8221;]<div class=\"grve-element grve-single-icon grve-align-center grve-medium\" style=\"margin-bottom: 18px;\">  <div class=\"grve-wrapper-icon grve-no-shape\" style=\"\"><i class=\"smp-icon-shield grve-text-primary-1\"><\/i><\/div><\/div><h3 class=\"grve-element grve-title grve-align-center grve-h5\" style=\"\"><span>Vergi Hukuku<\/span><\/h3>[vc_column_text]<\/p>\n<p style=\"text-align: left;\">\u00d6zellikle vergi cezalar\u0131ndan m\u00fcvekkilleri korumak amac\u0131yla verdi\u011fimiz hukuki hizmetler ;<\/p>\n<p>[\/vc_column_text]<div class=\"grve-empty-space grve-height-1x\" style=\"\"><\/div><div class=\"grve-element grve-align-center grve-fluid-button\"><a href=\"http:\/\/www.coskunozhukuk.com\/?p=416\" title=\"Vergi Hukuku\" class=\"grve-btn grve-btn-small grve-square grve-bg-primary-1 grve-bg-hover-white\" style=\"max-width: 220px;\"><span>DAHA FAZLASI \u0130\u00c7\u0130N...<\/span><\/a><\/div>[\/vc_column][vc_column width=&#8221;1\/4&#8243; clipping_animation=&#8221;clipping-up&#8221; animation_delay=&#8221;1000&#8243; css=&#8221;.vc_custom_1521102308262{padding-top: 13% !important;padding-right: 13% !important;padding-bottom: 13% !important;padding-left: 13% !important;background-color: #121722 !important;}&#8221;]<div class=\"grve-element grve-single-icon grve-align-center grve-medium\" style=\"margin-bottom: 18px;\">  <div class=\"grve-wrapper-icon grve-no-shape\" style=\"\"><i class=\"smp-icon-shield grve-text-primary-1\"><\/i><\/div><\/div><h3 class=\"grve-element grve-title grve-align-center grve-h5\" style=\"\"><span>Spor Hukuku<\/span><\/h3>[vc_column_text]Sporcular\u0131n ve spor kul\u00fcplerinin haklar\u0131n\u0131n korunmas\u0131 kapsam\u0131nda verdi\u011fimiz hukuki hizmetlerimiz;[\/vc_column_text]<div class=\"grve-empty-space grve-height-1x\" style=\"\"><\/div><div class=\"grve-element grve-align-center grve-fluid-button\"><a href=\"http:\/\/www.coskunozhukuk.com\/?p=419\" title=\"Spor Hukuku\" class=\"grve-btn grve-btn-small grve-square grve-bg-primary-1 grve-bg-hover-white\" style=\"max-width: 220px;\"><span>DAHA FAZLASI \u0130\u00c7\u0130N...<\/span><\/a><\/div>[\/vc_column][vc_column width=&#8221;1\/4&#8243; clipping_animation=&#8221;clipping-up&#8221; animation_delay=&#8221;1000&#8243; css=&#8221;.vc_custom_1615753074839{padding-top: 13% !important;padding-right: 13% !important;padding-bottom: 13% !important;padding-left: 13% !important;background-color: #121722 !important;}&#8221;]<div class=\"grve-element grve-single-icon grve-align-center grve-medium\" style=\"margin-bottom: 18px;\">  <div class=\"grve-wrapper-icon grve-no-shape\" style=\"\"><i class=\"smp-icon-shield grve-text-primary-1\"><\/i><\/div><\/div><h3 class=\"grve-element grve-title grve-align-center grve-h5\" style=\"\"><span>M\u00fclteci Hukuku<\/span><\/h3>[vc_column_text]<\/p>\n<p style=\"text-align: left;\">Yabanc\u0131lar\u0131n ve ge\u00e7ici koruma alt\u0131ndakilerin haklar\u0131n\u0131 korumak amac\u0131yla verdi\u011fimiz hizmetler ;<\/p>\n<p>[\/vc_column_text]<div class=\"grve-empty-space grve-height-1x\" style=\"\"><\/div><div class=\"grve-element grve-align-center grve-fluid-button\"><a href=\"http:\/\/www.coskunozhukuk.com\/?p=425\" title=\"M\u00fclteci Hukuku\" class=\"grve-btn grve-btn-small grve-square grve-bg-primary-1 grve-bg-hover-white\" style=\"max-width: 220px;\"><span>DAHA FAZLASI \u0130\u00c7\u0130N...<\/span><\/a><\/div>[\/vc_column][\/vc_row][vc_row heading_color=&#8221;light&#8221; padding_top_multiplier=&#8221;2x&#8221; padding_bottom_multiplier=&#8221;2x&#8221; columns_gap=&#8221;60&#8243; equal_column_height=&#8221;equal-column&#8221; font_color=&#8221;#ffffff&#8221;][vc_column width=&#8221;1\/4&#8243; clipping_animation=&#8221;clipping-up&#8221; animation_delay=&#8221;600&#8243; css=&#8221;.vc_custom_1521102296991{padding-top: 13% !important;padding-right: 13% !important;padding-bottom: 13% !important;padding-left: 13% !important;background-color: #121722 !important;}&#8221;]<div class=\"grve-element grve-single-icon grve-align-center grve-medium\" style=\"margin-bottom: 18px;\">  <div class=\"grve-wrapper-icon grve-no-shape\" style=\"\"><i class=\"smp-icon-shield grve-text-primary-1\"><\/i><\/div><\/div><h3 class=\"grve-element grve-title grve-align-center grve-h5\" style=\"\"><span>Kentsel D\u00f6n\u00fc\u015f\u00fcm Hukuku<\/span><\/h3>[vc_column_text]6306 Say\u0131l\u0131 Kanun ve Uygulama Y\u00f6netmeli\u011fi kapsam\u0131nda vermi\u015f oldu\u011fumuz hizmetler;[\/vc_column_text]<div class=\"grve-empty-space grve-height-1x\" style=\"\"><\/div><div class=\"grve-element grve-align-center grve-fluid-button\"><a href=\"http:\/\/www.coskunozhukuk.com\/?p=428\" title=\"Kentsel D\u00f6n\u00fc\u015f\u00fcm Hukuku\" class=\"grve-btn grve-btn-small grve-square grve-bg-primary-1 grve-bg-hover-white\" style=\"max-width: 220px;\"><span>DAHA FAZLASI \u0130\u00c7\u0130N...<\/span><\/a><\/div>[\/vc_column][vc_column width=&#8221;1\/4&#8243; clipping_animation=&#8221;clipping-up&#8221; animation_delay=&#8221;800&#8243; css=&#8221;.vc_custom_1521102301974{padding-top: 13% !important;padding-right: 13% !important;padding-bottom: 13% !important;padding-left: 13% !important;background-color: #121722 !important;}&#8221;]<div class=\"grve-element grve-single-icon grve-align-center grve-medium\" style=\"margin-bottom: 18px;\">  <div class=\"grve-wrapper-icon grve-no-shape\" style=\"\"><i class=\"smp-icon-shield grve-text-primary-1\"><\/i><\/div><\/div><h3 class=\"grve-element grve-title grve-align-center grve-h5\" style=\"\"><span>Ki\u015fisel Verilerin Korunmas\u0131 Hukuku<\/span><\/h3>[vc_column_text]\u015eirketlerin KVKK uyum projeleri ve VERB\u0130S kay\u0131tlar\u0131 ba\u015fta olmak \u00fczere hizmetlerimiz;[\/vc_column_text]<div class=\"grve-empty-space grve-height-1x\" style=\"\"><\/div><div class=\"grve-element grve-align-center grve-fluid-button\"><a href=\"http:\/\/www.coskunozhukuk.com\/?p=431\" title=\"Ki\u015fisel Verilerin Korunmas\u0131 Hukuku\" class=\"grve-btn grve-btn-small grve-square grve-bg-primary-1 grve-bg-hover-white\" style=\"max-width: 220px;\"><span>DAHA FAZLASI \u0130\u00c7\u0130N...<\/span><\/a><\/div>[\/vc_column][vc_column width=&#8221;1\/4&#8243; clipping_animation=&#8221;clipping-up&#8221; animation_delay=&#8221;1000&#8243; css=&#8221;.vc_custom_1521102308262{padding-top: 13% !important;padding-right: 13% !important;padding-bottom: 13% !important;padding-left: 13% !important;background-color: #121722 !important;}&#8221;]<div class=\"grve-element grve-single-icon grve-align-center grve-medium\" style=\"margin-bottom: 18px;\">  <div class=\"grve-wrapper-icon grve-no-shape\" style=\"\"><i class=\"smp-icon-shield grve-text-primary-1\"><\/i><\/div><\/div><h3 class=\"grve-element grve-title grve-align-center grve-h5\" style=\"\"><span>S\u00f6zle\u015fmeler Hukuku<\/span><\/h3>[vc_column_text]T\u00fcrk\u00e7e ve \u0130ngilizce olarak s\u00f6zle\u015fme d\u00fczenlenmesi, terc\u00fcme edilmesi ve anla\u015fmazl\u0131klar ba\u015fta olmak \u00fczere verdi\u011fimiz hukuki hizmetler;[\/vc_column_text]<div class=\"grve-empty-space grve-height-1x\" style=\"\"><\/div><div class=\"grve-element grve-align-center grve-fluid-button\"><a href=\"http:\/\/www.coskunozhukuk.com\/?p=422\" title=\"S\u00f6zle\u015fmeler Hukuku\" class=\"grve-btn grve-btn-small grve-square grve-bg-primary-1 grve-bg-hover-white\" style=\"max-width: 220px;\"><span>DAHA FAZLASI \u0130\u00c7\u0130N...<\/span><\/a><\/div>[\/vc_column][vc_column width=&#8221;1\/4&#8243; clipping_animation=&#8221;clipping-up&#8221; animation_delay=&#8221;1000&#8243; css=&#8221;.vc_custom_1615753083970{padding-top: 13% !important;padding-right: 13% !important;padding-bottom: 13% !important;padding-left: 13% !important;background-color: #121722 !important;}&#8221;]<div class=\"grve-element grve-single-icon grve-align-center grve-medium\" style=\"margin-bottom: 18px;\">  <div class=\"grve-wrapper-icon grve-no-shape\" style=\"\"><i class=\"smp-icon-shield grve-text-primary-1\"><\/i><\/div><\/div><h3 class=\"grve-element grve-title grve-align-center grve-h5\" style=\"\"><span>Gayrimenkul ve \u0130n\u015faat Hukuku<\/span><\/h3>[vc_column_text]<\/p>\n<p style=\"text-align: left;\">M\u00fcteahhitlerin s\u00f6zle\u015fme \u015fartlar\u0131n\u0131 yerine getirmemesi, tapu iptal ve tescil ve ortakl\u0131\u011f\u0131n giderilmesi davalar\u0131 \u00fczere verdi\u011fimiz hizmetler;<\/p>\n<p>[\/vc_column_text]<div class=\"grve-empty-space grve-height-1x\" style=\"\"><\/div><div class=\"grve-element grve-align-center grve-fluid-button\"><a href=\"http:\/\/www.coskunozhukuk.com\/?p=434\" title=\"Gayrimenkul ve \u0130n\u015faat Hukuku\" class=\"grve-btn grve-btn-small grve-square grve-bg-primary-1 grve-bg-hover-white\" style=\"max-width: 220px;\"><span>DAHA FAZLASI \u0130\u00c7\u0130N...<\/span><\/a><\/div>[\/vc_column][\/vc_row]<\/p>\n","protected":false},"excerpt":{"rendered":"<p>[vc_row section_type=&#8221;fullwidth&#8221; bg_type=&#8221;color&#8221; padding_top_multiplier=&#8221;&#8221; padding_bottom_multiplier=&#8221;&#8221; columns_gap=&#8221;none&#8221; bg_color=&#8221;#f7f7f7&#8243;][vc_column][\/vc_column][\/vc_row][vc_row heading_color=&#8221;light&#8221; section_type=&#8221;fullwidth&#8221; padding_top_multiplier=&#8221;2x&#8221; padding_bottom_multiplier=&#8221;2x&#8221; columns_gap=&#8221;60&#8243; equal_column_height=&#8221;equal-column&#8221; font_color=&#8221;#ffffff&#8221;][vc_column width=&#8221;1\/5&#8243; clipping_animation=&#8221;clipping-up&#8221; animation_delay=&#8221;600&#8243; css=&#8221;.vc_custom_1521102296991{padding-top: 13% !important;padding-right: 13% !important;padding-bottom: 13% !important;padding-left: 13% !important;background-color: #121722 !important;}&#8221;][vc_column_text] \u0130\u015f Kanunu kapsam\u0131nda i\u015f\u00e7i ve i\u015fverenin haklar\u0131n\u0131 korumak amac\u0131yla verdi\u011fimiz hukuki hizmetler; [\/vc_column_text][\/vc_column][vc_column width=&#8221;1\/5&#8243; clipping_animation=&#8221;clipping-up&#8221; animation_delay=&#8221;800&#8243; css=&#8221;.vc_custom_1521102301974{padding-top: 13% !important;padding-right: 13% !important;padding-bottom: 13% !important;padding-left: 13% !important;background-color: #121722 !important;}&#8221;][vc_column_text]\u00d6zellikle [&hellip;]<\/p>\n","protected":false},"author":1,"featured_media":0,"parent":0,"menu_order":0,"comment_status":"closed","ping_status":"closed","template":"","meta":{"footnotes":""},"class_list":["post-7","page","type-page","status-publish","hentry"],"_links":{"self":[{"href":"https:\/\/www.coskunozhukuk.com\/index.php?rest_route=\/wp\/v2\/pages\/7","targetHints":{"allow":["GET"]}}],"collection":[{"href":"https:\/\/www.coskunozhukuk.com\/index.php?rest_route=\/wp\/v2\/pages"}],"about":[{"href":"https:\/\/www.coskunozhukuk.com\/index.php?rest_route=\/wp\/v2\/types\/page"}],"author":[{"embeddable":true,"href":"https:\/\/www.coskunozhukuk.com\/index.php?rest_route=\/wp\/v2\/users\/1"}],"replies":[{"embeddable":true,"href":"https:\/\/www.coskunozhukuk.com\/index.php?rest_route=%2Fwp%2Fv2%2Fcomments&post=7"}],"version-history":[{"count":40,"href":"https:\/\/www.coskunozhukuk.com\/index.php?rest_route=\/wp\/v2\/pages\/7\/revisions"}],"predecessor-version":[{"id":441,"href":"https:\/\/www.coskunozhukuk.com\/index.php?rest_route=\/wp\/v2\/pages\/7\/revisions\/441"}],"wp:attachment":[{"href":"https:\/\/www.coskunozhukuk.com\/index.php?rest_route=%2Fwp%2Fv2%2Fmedia&parent=7"}],"curies":[{"name":"wp","href":"https:\/\/api.w.org\/{rel}","templated":true}]}}